{"id":266,"date":"2024-02-16T07:41:02","date_gmt":"2024-02-16T07:41:02","guid":{"rendered":"https:\/\/simply4emotions.eu\/?page_id=266"},"modified":"2024-02-16T07:41:03","modified_gmt":"2024-02-16T07:41:03","slug":"novita","status":"publish","type":"page","link":"https:\/\/simply4emotions.eu\/?page_id=266&lang=it","title":{"rendered":"Novit\u00e0"},"content":{"rendered":"\t\t<div data-elementor-type=\"wp-page\" data-elementor-id=\"266\" class=\"elementor elementor-266\">\n\t\t\t\t<div class=\"elementor-element elementor-element-c8cc2d6 e-flex e-con-boxed e-con e-parent\" data-id=\"c8cc2d6\" data-element_type=\"container\" data-settings=\"{&quot;content_width&quot;:&quot;boxed&quot;}\" data-core-v316-plus=\"true\">\n\t\t\t\t\t<div class=\"e-con-inner\">\n\t\t\t\t<div class=\"elementor-element elementor-element-8738e6b elementor-widget elementor-widget-shortcode\" data-id=\"8738e6b\" data-element_type=\"widget\" data-widget_type=\"shortcode.default\">\n\t\t\t\t<div class=\"elementor-widget-container\">\n\t\t\t\t\t<div class=\"elementor-shortcode\">\t<div class=\"wpnawfree-plugin news-clearfix \" id=\"wpnw-news-1\">\r\n\r\n\t\t\r\n\t\t\t<div id=\"post-735\" class=\"news type-news wpnaw-blog-class has-date news-col-1 wpnaw-first\">\r\n\t\t\t\t<div class=\"news-inner-wrap-view news-clearfix \">\r\n\r\n\t\t\t\t\t\t\t\t\t\t<div class=\"news-thumb\">\r\n\t\t\t\t\t\t\t\t\t\t\t\t\t<div class=\"grid-news-thumb\">\r\n\t\t\t\t\t\t\t\t<a href=\"https:\/\/simply4emotions.eu\/?news=incontro-di-networking-sagsaga&#038;lang=it\"><img fetchpriority=\"high\" decoding=\"async\" width=\"575\" height=\"590\" src=\"https:\/\/simply4emotions.eu\/wp-content\/uploads\/2025\/12\/SAGSAGA-CONFERENCE-1.png\" class=\"attachment-large size-large wp-post-image\" alt=\"\" srcset=\"https:\/\/simply4emotions.eu\/wp-content\/uploads\/2025\/12\/SAGSAGA-CONFERENCE-1.png 575w, https:\/\/simply4emotions.eu\/wp-content\/uploads\/2025\/12\/SAGSAGA-CONFERENCE-1-292x300.png 292w\" sizes=\"(max-width: 575px) 100vw, 575px\" \/><\/a>\r\n\t\t\t\t\t\t\t<\/div>\r\n\t\t\t\t\t\t\t\t\t\t\t<\/div>\r\n\t\t\t\t\t\r\n\t\t\t\t\t<div class=\"news-content\">\r\n\t\t\t\t\t\t\t\t\t\t\t\t\t<div class=\"date-post\">\r\n\t\t\t\t\t\t\t\t<h2><span>23<\/span><\/h2>\r\n\t\t\t\t\t\t\t\t<p>Dec 25<\/p>\r\n\t\t\t\t\t\t\t<\/div>\r\n\t\t\t\t\t\t\r\n\t\t\t\t\t\t<div class=\"post-content-text\">\r\n\t\t\t\t\t\t\t<h3 class=\"news-title\"><a href=\"https:\/\/simply4emotions.eu\/?news=incontro-di-networking-sagsaga&#038;lang=it\" rel=\"bookmark\">SAGSAGA evento di network<\/a><\/h3>\t\t\t\t\t\t\t\t<div class=\"news-content-excerpt\">\r\n\t\t\t\t\t\t\t\t\t\t\t\t\t\t\t\t\t\t\t<div class=\"news-short-content\">\r\n\t\t\t\t\t\t\t\t\t\t\tUna giornata ricca di conversazioni stimolanti, nuovi contatti e feedback preziosi! Durante l'incontro della rete SAGSAGA a Dresda, abbiamo avuto...\t\t\t\t\t\t\t\t\t\t<\/div>\r\n\t\t\t\t\t\t\t\t\t\t<a href=\"https:\/\/simply4emotions.eu\/?news=incontro-di-networking-sagsaga&#038;lang=it\" class=\"news-more-link\">Read More<\/a>\r\n\t\t\t\t\t\t\t\t\t\t\t\t\t\t\t\t\t<\/div><!-- .entry-content -->\r\n\t\t\t\t\t\t\t\t\t\t\t\t\t<\/div>\r\n\t\t\t\t\t<\/div>\r\n\t\t\t\t<\/div><!-- #post-## -->\r\n\t\t\t<\/div><!-- #post-## -->\r\n\t\t\r\n\t\t\t<div id=\"post-733\" class=\"news type-news wpnaw-blog-class has-date news-col-1\">\r\n\t\t\t\t<div class=\"news-inner-wrap-view news-clearfix \">\r\n\r\n\t\t\t\t\t\t\t\t\t\t<div class=\"news-thumb\">\r\n\t\t\t\t\t\t\t\t\t\t\t\t\t<div class=\"grid-news-thumb\">\r\n\t\t\t\t\t\t\t\t<a href=\"https:\/\/simply4emotions.eu\/?news=sagsaga-netzwerktreffen&#038;lang=de\"><img fetchpriority=\"high\" decoding=\"async\" width=\"575\" height=\"590\" src=\"https:\/\/simply4emotions.eu\/wp-content\/uploads\/2025\/12\/SAGSAGA-CONFERENCE-1.png\" class=\"attachment-large size-large wp-post-image\" alt=\"\" srcset=\"https:\/\/simply4emotions.eu\/wp-content\/uploads\/2025\/12\/SAGSAGA-CONFERENCE-1.png 575w, https:\/\/simply4emotions.eu\/wp-content\/uploads\/2025\/12\/SAGSAGA-CONFERENCE-1-292x300.png 292w\" sizes=\"(max-width: 575px) 100vw, 575px\" \/><\/a>\r\n\t\t\t\t\t\t\t<\/div>\r\n\t\t\t\t\t\t\t\t\t\t\t<\/div>\r\n\t\t\t\t\t\r\n\t\t\t\t\t<div class=\"news-content\">\r\n\t\t\t\t\t\t\t\t\t\t\t\t\t<div class=\"date-post\">\r\n\t\t\t\t\t\t\t\t<h2><span>23<\/span><\/h2>\r\n\t\t\t\t\t\t\t\t<p>Dec 25<\/p>\r\n\t\t\t\t\t\t\t<\/div>\r\n\t\t\t\t\t\t\r\n\t\t\t\t\t\t<div class=\"post-content-text\">\r\n\t\t\t\t\t\t\t<h3 class=\"news-title\"><a href=\"https:\/\/simply4emotions.eu\/?news=sagsaga-netzwerktreffen&#038;lang=de\" rel=\"bookmark\">SAGSAGA-Netzwerktreffen<\/a><\/h3>\t\t\t\t\t\t\t\t<div class=\"news-content-excerpt\">\r\n\t\t\t\t\t\t\t\t\t\t\t\t\t\t\t\t\t\t\t<div class=\"news-short-content\">\r\n\t\t\t\t\t\t\t\t\t\t\tEin Tag voller inspirierender Gespr\u00e4che, neuen Kontakten und wertvollem Feedback! Beim SAGSAGA-Netzwerktreffen in Dresden durften wir das Erasmus+ Projekt Simply4emotions...\t\t\t\t\t\t\t\t\t\t<\/div>\r\n\t\t\t\t\t\t\t\t\t\t<a href=\"https:\/\/simply4emotions.eu\/?news=sagsaga-netzwerktreffen&#038;lang=de\" class=\"news-more-link\">Read More<\/a>\r\n\t\t\t\t\t\t\t\t\t\t\t\t\t\t\t\t\t<\/div><!-- .entry-content -->\r\n\t\t\t\t\t\t\t\t\t\t\t\t\t<\/div>\r\n\t\t\t\t\t<\/div>\r\n\t\t\t\t<\/div><!-- #post-## -->\r\n\t\t\t<\/div><!-- #post-## -->\r\n\t\t\r\n\t\t\t<div id=\"post-730\" class=\"news type-news wpnaw-blog-class has-date news-col-1\">\r\n\t\t\t\t<div class=\"news-inner-wrap-view news-clearfix \">\r\n\r\n\t\t\t\t\t\t\t\t\t\t<div class=\"news-thumb\">\r\n\t\t\t\t\t\t\t\t\t\t\t\t\t<div class=\"grid-news-thumb\">\r\n\t\t\t\t\t\t\t\t<a href=\"https:\/\/simply4emotions.eu\/?news=sagsaga-verkostoitumistapaaminen&#038;lang=fi\"><img fetchpriority=\"high\" decoding=\"async\" width=\"575\" height=\"590\" src=\"https:\/\/simply4emotions.eu\/wp-content\/uploads\/2025\/12\/SAGSAGA-CONFERENCE-1.png\" class=\"attachment-large size-large wp-post-image\" alt=\"\" srcset=\"https:\/\/simply4emotions.eu\/wp-content\/uploads\/2025\/12\/SAGSAGA-CONFERENCE-1.png 575w, https:\/\/simply4emotions.eu\/wp-content\/uploads\/2025\/12\/SAGSAGA-CONFERENCE-1-292x300.png 292w\" sizes=\"(max-width: 575px) 100vw, 575px\" \/><\/a>\r\n\t\t\t\t\t\t\t<\/div>\r\n\t\t\t\t\t\t\t\t\t\t\t<\/div>\r\n\t\t\t\t\t\r\n\t\t\t\t\t<div class=\"news-content\">\r\n\t\t\t\t\t\t\t\t\t\t\t\t\t<div class=\"date-post\">\r\n\t\t\t\t\t\t\t\t<h2><span>23<\/span><\/h2>\r\n\t\t\t\t\t\t\t\t<p>Dec 25<\/p>\r\n\t\t\t\t\t\t\t<\/div>\r\n\t\t\t\t\t\t\r\n\t\t\t\t\t\t<div class=\"post-content-text\">\r\n\t\t\t\t\t\t\t<h3 class=\"news-title\"><a href=\"https:\/\/simply4emotions.eu\/?news=sagsaga-verkostoitumistapaaminen&#038;lang=fi\" rel=\"bookmark\">SAGSAGA Verkoston kokous<\/a><\/h3>\t\t\t\t\t\t\t\t<div class=\"news-content-excerpt\">\r\n\t\t\t\t\t\t\t\t\t\t\t\t\t\t\t\t\t\t\t<div class=\"news-short-content\">\r\n\t\t\t\t\t\t\t\t\t\t\tP\u00e4iv\u00e4 t\u00e4ynn\u00e4 inspiroivia keskusteluja, uusia kontakteja ja arvokasta palautetta! SAGSAGA-verkoston kokouksessa Dresdeniss\u00e4 meill\u00e4 oli tilaisuus esitell\u00e4 Erasmus+ -hanke Simply4emotions ja...\t\t\t\t\t\t\t\t\t\t<\/div>\r\n\t\t\t\t\t\t\t\t\t\t<a href=\"https:\/\/simply4emotions.eu\/?news=sagsaga-verkostoitumistapaaminen&#038;lang=fi\" class=\"news-more-link\">Read More<\/a>\r\n\t\t\t\t\t\t\t\t\t\t\t\t\t\t\t\t\t<\/div><!-- .entry-content -->\r\n\t\t\t\t\t\t\t\t\t\t\t\t\t<\/div>\r\n\t\t\t\t\t<\/div>\r\n\t\t\t\t<\/div><!-- #post-## -->\r\n\t\t\t<\/div><!-- #post-## -->\r\n\t\t\r\n\t\t\t<div id=\"post-728\" class=\"news type-news wpnaw-blog-class has-date news-col-1\">\r\n\t\t\t\t<div class=\"news-inner-wrap-view news-clearfix \">\r\n\r\n\t\t\t\t\t\t\t\t\t\t<div class=\"news-thumb\">\r\n\t\t\t\t\t\t\t\t\t\t\t\t\t<div class=\"grid-news-thumb\">\r\n\t\t\t\t\t\t\t\t<a href=\"https:\/\/simply4emotions.eu\/?news=%CF%83%CF%85%CE%BD%CE%AC%CE%BD%CF%84%CE%B7%CF%83%CE%B7-%CE%B4%CE%B9%CE%BA%CF%84%CF%8D%CF%89%CF%83%CE%B7%CF%82-sagsaga&#038;lang=el\"><img fetchpriority=\"high\" decoding=\"async\" width=\"575\" height=\"590\" src=\"https:\/\/simply4emotions.eu\/wp-content\/uploads\/2025\/12\/SAGSAGA-CONFERENCE-1.png\" class=\"attachment-large size-large wp-post-image\" alt=\"\" srcset=\"https:\/\/simply4emotions.eu\/wp-content\/uploads\/2025\/12\/SAGSAGA-CONFERENCE-1.png 575w, https:\/\/simply4emotions.eu\/wp-content\/uploads\/2025\/12\/SAGSAGA-CONFERENCE-1-292x300.png 292w\" sizes=\"(max-width: 575px) 100vw, 575px\" \/><\/a>\r\n\t\t\t\t\t\t\t<\/div>\r\n\t\t\t\t\t\t\t\t\t\t\t<\/div>\r\n\t\t\t\t\t\r\n\t\t\t\t\t<div class=\"news-content\">\r\n\t\t\t\t\t\t\t\t\t\t\t\t\t<div class=\"date-post\">\r\n\t\t\t\t\t\t\t\t<h2><span>23<\/span><\/h2>\r\n\t\t\t\t\t\t\t\t<p>Dec 25<\/p>\r\n\t\t\t\t\t\t\t<\/div>\r\n\t\t\t\t\t\t\r\n\t\t\t\t\t\t<div class=\"post-content-text\">\r\n\t\t\t\t\t\t\t<h3 class=\"news-title\"><a href=\"https:\/\/simply4emotions.eu\/?news=%CF%83%CF%85%CE%BD%CE%AC%CE%BD%CF%84%CE%B7%CF%83%CE%B7-%CE%B4%CE%B9%CE%BA%CF%84%CF%8D%CF%89%CF%83%CE%B7%CF%82-sagsaga&#038;lang=el\" rel=\"bookmark\">\u03a3\u03c5\u03bd\u03ac\u03bd\u03c4\u03b7\u03c3\u03b7 \u03b4\u03b9\u03ba\u03c4\u03cd\u03c9\u03c3\u03b7\u03c2 SAGSAGA<\/a><\/h3>\t\t\t\t\t\t\t\t<div class=\"news-content-excerpt\">\r\n\t\t\t\t\t\t\t\t\t\t\t\t\t\t\t\t\t\t\t<div class=\"news-short-content\">\r\n\t\t\t\t\t\t\t\t\t\t\t\u039c\u03b9\u03b1 \u03b7\u03bc\u03ad\u03c1\u03b1 \u03b3\u03b5\u03bc\u03ac\u03c4\u03b7 \u03b5\u03bc\u03c0\u03bd\u03b5\u03c5\u03c3\u03bc\u03ad\u03bd\u03b5\u03c2 \u03c3\u03c5\u03b6\u03b7\u03c4\u03ae\u03c3\u03b5\u03b9\u03c2, \u03bd\u03ad\u03b5\u03c2 \u03b5\u03c0\u03b1\u03c6\u03ad\u03c2 \u03ba\u03b1\u03b9 \u03c0\u03bf\u03bb\u03cd\u03c4\u03b9\u03bc\u03b7 \u03b1\u03bd\u03b1\u03c4\u03c1\u03bf\u03c6\u03bf\u03b4\u03cc\u03c4\u03b7\u03c3\u03b7! \u03a3\u03c4\u03b7 \u03c3\u03c5\u03bd\u03ac\u03bd\u03c4\u03b7\u03c3\u03b7 \u03b4\u03b9\u03ba\u03c4\u03cd\u03c9\u03c3\u03b7\u03c2 SAGSAGA \u03c3\u03c4\u03b7 \u0394\u03c1\u03ad\u03c3\u03b4\u03b7 \u03b5\u03af\u03c7\u03b1\u03bc\u03b5 \u03c4\u03b7\u03bd \u03b5\u03c5\u03ba\u03b1\u03b9\u03c1\u03af\u03b1 \u03bd\u03b1...\t\t\t\t\t\t\t\t\t\t<\/div>\r\n\t\t\t\t\t\t\t\t\t\t<a href=\"https:\/\/simply4emotions.eu\/?news=%CF%83%CF%85%CE%BD%CE%AC%CE%BD%CF%84%CE%B7%CF%83%CE%B7-%CE%B4%CE%B9%CE%BA%CF%84%CF%8D%CF%89%CF%83%CE%B7%CF%82-sagsaga&#038;lang=el\" class=\"news-more-link\">Read More<\/a>\r\n\t\t\t\t\t\t\t\t\t\t\t\t\t\t\t\t\t<\/div><!-- .entry-content -->\r\n\t\t\t\t\t\t\t\t\t\t\t\t\t<\/div>\r\n\t\t\t\t\t<\/div>\r\n\t\t\t\t<\/div><!-- #post-## -->\r\n\t\t\t<\/div><!-- #post-## -->\r\n\t\t\r\n\t\t\t<div id=\"post-721\" class=\"news type-news wpnaw-blog-class has-date news-col-1\">\r\n\t\t\t\t<div class=\"news-inner-wrap-view news-clearfix \">\r\n\r\n\t\t\t\t\t\t\t\t\t\t<div class=\"news-thumb\">\r\n\t\t\t\t\t\t\t\t\t\t\t\t\t<div class=\"grid-news-thumb\">\r\n\t\t\t\t\t\t\t\t<a href=\"https:\/\/simply4emotions.eu\/?news=sagsaga-network-meeting\"><img fetchpriority=\"high\" decoding=\"async\" width=\"575\" height=\"590\" src=\"https:\/\/simply4emotions.eu\/wp-content\/uploads\/2025\/12\/SAGSAGA-CONFERENCE-1.png\" class=\"attachment-large size-large wp-post-image\" alt=\"\" srcset=\"https:\/\/simply4emotions.eu\/wp-content\/uploads\/2025\/12\/SAGSAGA-CONFERENCE-1.png 575w, https:\/\/simply4emotions.eu\/wp-content\/uploads\/2025\/12\/SAGSAGA-CONFERENCE-1-292x300.png 292w\" sizes=\"(max-width: 575px) 100vw, 575px\" \/><\/a>\r\n\t\t\t\t\t\t\t<\/div>\r\n\t\t\t\t\t\t\t\t\t\t\t<\/div>\r\n\t\t\t\t\t\r\n\t\t\t\t\t<div class=\"news-content\">\r\n\t\t\t\t\t\t\t\t\t\t\t\t\t<div class=\"date-post\">\r\n\t\t\t\t\t\t\t\t<h2><span>23<\/span><\/h2>\r\n\t\t\t\t\t\t\t\t<p>Dec 25<\/p>\r\n\t\t\t\t\t\t\t<\/div>\r\n\t\t\t\t\t\t\r\n\t\t\t\t\t\t<div class=\"post-content-text\">\r\n\t\t\t\t\t\t\t<h3 class=\"news-title\"><a href=\"https:\/\/simply4emotions.eu\/?news=sagsaga-network-meeting\" rel=\"bookmark\">SAGSAGA Network meeting<\/a><\/h3>\t\t\t\t\t\t\t\t<div class=\"news-content-excerpt\">\r\n\t\t\t\t\t\t\t\t\t\t\t\t\t\t\t\t\t\t\t<div class=\"news-short-content\">\r\n\t\t\t\t\t\t\t\t\t\t\tA day full of inspiring conversations, new contacts, and valuable feedback! At the SAGSAGA network meeting in Dresden, we had...\t\t\t\t\t\t\t\t\t\t<\/div>\r\n\t\t\t\t\t\t\t\t\t\t<a href=\"https:\/\/simply4emotions.eu\/?news=sagsaga-network-meeting\" class=\"news-more-link\">Read More<\/a>\r\n\t\t\t\t\t\t\t\t\t\t\t\t\t\t\t\t\t<\/div><!-- .entry-content -->\r\n\t\t\t\t\t\t\t\t\t\t\t\t\t<\/div>\r\n\t\t\t\t\t<\/div>\r\n\t\t\t\t<\/div><!-- #post-## -->\r\n\t\t\t<\/div><!-- #post-## -->\r\n\t\t\r\n\t\t\t<div id=\"post-719\" class=\"news type-news wpnaw-blog-class has-date news-col-1\">\r\n\t\t\t\t<div class=\"news-inner-wrap-view news-clearfix \">\r\n\r\n\t\t\t\t\t\t\t\t\t\t<div class=\"news-thumb\">\r\n\t\t\t\t\t\t\t\t\t\t\t\t\t<div class=\"grid-news-thumb\">\r\n\t\t\t\t\t\t\t\t<a href=\"https:\/\/simply4emotions.eu\/?news=isaga-2025-konferenssi&#038;lang=fi\"><img decoding=\"async\" width=\"745\" height=\"358\" src=\"https:\/\/simply4emotions.eu\/wp-content\/uploads\/2025\/09\/Simply4Emotions_ISAGA_players.png\" class=\"attachment-large size-large wp-post-image\" alt=\"Players around a board game\" srcset=\"https:\/\/simply4emotions.eu\/wp-content\/uploads\/2025\/09\/Simply4Emotions_ISAGA_players.png 745w, https:\/\/simply4emotions.eu\/wp-content\/uploads\/2025\/09\/Simply4Emotions_ISAGA_players-300x144.png 300w\" sizes=\"(max-width: 745px) 100vw, 745px\" \/><\/a>\r\n\t\t\t\t\t\t\t<\/div>\r\n\t\t\t\t\t\t\t\t\t\t\t<\/div>\r\n\t\t\t\t\t\r\n\t\t\t\t\t<div class=\"news-content\">\r\n\t\t\t\t\t\t\t\t\t\t\t\t\t<div class=\"date-post\">\r\n\t\t\t\t\t\t\t\t<h2><span>30<\/span><\/h2>\r\n\t\t\t\t\t\t\t\t<p>Sep 25<\/p>\r\n\t\t\t\t\t\t\t<\/div>\r\n\t\t\t\t\t\t\r\n\t\t\t\t\t\t<div class=\"post-content-text\">\r\n\t\t\t\t\t\t\t<h3 class=\"news-title\"><a href=\"https:\/\/simply4emotions.eu\/?news=isaga-2025-konferenssi&#038;lang=fi\" rel=\"bookmark\">ISAGA 2025 -konferenssi<\/a><\/h3>\t\t\t\t\t\t\t\t<div class=\"news-content-excerpt\">\r\n\t\t\t\t\t\t\t\t\t\t\t\t\t\t\t\t\t\t\t<div class=\"news-short-content\">\r\n\t\t\t\t\t\t\t\t\t\t\tT\u00e4m\u00e4n vuoden \u201cISAGA 2025: The European Simulation and Gaming Forum (EUPF)\u201d -konferenssi tarjosi meille erinomaisen mahdollisuuden esitell\u00e4 Erasmus+ -rahoitteista hankettamme,...\t\t\t\t\t\t\t\t\t\t<\/div>\r\n\t\t\t\t\t\t\t\t\t\t<a href=\"https:\/\/simply4emotions.eu\/?news=isaga-2025-konferenssi&#038;lang=fi\" class=\"news-more-link\">Read More<\/a>\r\n\t\t\t\t\t\t\t\t\t\t\t\t\t\t\t\t\t<\/div><!-- .entry-content -->\r\n\t\t\t\t\t\t\t\t\t\t\t\t\t<\/div>\r\n\t\t\t\t\t<\/div>\r\n\t\t\t\t<\/div><!-- #post-## -->\r\n\t\t\t<\/div><!-- #post-## -->\r\n\t\t\r\n\t\t\t<div id=\"post-717\" class=\"news type-news wpnaw-blog-class has-date news-col-1\">\r\n\t\t\t\t<div class=\"news-inner-wrap-view news-clearfix \">\r\n\r\n\t\t\t\t\t\t\t\t\t\t<div class=\"news-thumb\">\r\n\t\t\t\t\t\t\t\t\t\t\t\t\t<div class=\"grid-news-thumb\">\r\n\t\t\t\t\t\t\t\t<a href=\"https:\/\/simply4emotions.eu\/?news=isaga-konferenz-2025&#038;lang=de\"><img decoding=\"async\" width=\"745\" height=\"358\" src=\"https:\/\/simply4emotions.eu\/wp-content\/uploads\/2025\/09\/Simply4Emotions_ISAGA_players.png\" class=\"attachment-large size-large wp-post-image\" alt=\"Players around a board game\" srcset=\"https:\/\/simply4emotions.eu\/wp-content\/uploads\/2025\/09\/Simply4Emotions_ISAGA_players.png 745w, https:\/\/simply4emotions.eu\/wp-content\/uploads\/2025\/09\/Simply4Emotions_ISAGA_players-300x144.png 300w\" sizes=\"(max-width: 745px) 100vw, 745px\" \/><\/a>\r\n\t\t\t\t\t\t\t<\/div>\r\n\t\t\t\t\t\t\t\t\t\t\t<\/div>\r\n\t\t\t\t\t\r\n\t\t\t\t\t<div class=\"news-content\">\r\n\t\t\t\t\t\t\t\t\t\t\t\t\t<div class=\"date-post\">\r\n\t\t\t\t\t\t\t\t<h2><span>30<\/span><\/h2>\r\n\t\t\t\t\t\t\t\t<p>Sep 25<\/p>\r\n\t\t\t\t\t\t\t<\/div>\r\n\t\t\t\t\t\t\r\n\t\t\t\t\t\t<div class=\"post-content-text\">\r\n\t\t\t\t\t\t\t<h3 class=\"news-title\"><a href=\"https:\/\/simply4emotions.eu\/?news=isaga-konferenz-2025&#038;lang=de\" rel=\"bookmark\">ISAGA-Konferenz 2025<\/a><\/h3>\t\t\t\t\t\t\t\t<div class=\"news-content-excerpt\">\r\n\t\t\t\t\t\t\t\t\t\t\t\t\t\t\t\t\t\t\t<div class=\"news-short-content\">\r\n\t\t\t\t\t\t\t\t\t\t\tAuf der diesj\u00e4hrigen ISAGA 2025: The European Simulation and Gaming Forum (EUPF) hatten wir die gro\u00dfartige Gelegenheit, unser von Erasmus+...\t\t\t\t\t\t\t\t\t\t<\/div>\r\n\t\t\t\t\t\t\t\t\t\t<a href=\"https:\/\/simply4emotions.eu\/?news=isaga-konferenz-2025&#038;lang=de\" class=\"news-more-link\">Read More<\/a>\r\n\t\t\t\t\t\t\t\t\t\t\t\t\t\t\t\t\t<\/div><!-- .entry-content -->\r\n\t\t\t\t\t\t\t\t\t\t\t\t\t<\/div>\r\n\t\t\t\t\t<\/div>\r\n\t\t\t\t<\/div><!-- #post-## -->\r\n\t\t\t<\/div><!-- #post-## -->\r\n\t\t\r\n\t\t\t<div id=\"post-709\" class=\"news type-news wpnaw-blog-class has-date news-col-1\">\r\n\t\t\t\t<div class=\"news-inner-wrap-view news-clearfix \">\r\n\r\n\t\t\t\t\t\t\t\t\t\t<div class=\"news-thumb\">\r\n\t\t\t\t\t\t\t\t\t\t\t\t\t<div class=\"grid-news-thumb\">\r\n\t\t\t\t\t\t\t\t<a href=\"https:\/\/simply4emotions.eu\/?news=conferenza-isaga-2025&#038;lang=it\"><img decoding=\"async\" width=\"745\" height=\"358\" src=\"https:\/\/simply4emotions.eu\/wp-content\/uploads\/2025\/09\/Simply4Emotions_ISAGA_players.png\" class=\"attachment-large size-large wp-post-image\" alt=\"Players around a board game\" srcset=\"https:\/\/simply4emotions.eu\/wp-content\/uploads\/2025\/09\/Simply4Emotions_ISAGA_players.png 745w, https:\/\/simply4emotions.eu\/wp-content\/uploads\/2025\/09\/Simply4Emotions_ISAGA_players-300x144.png 300w\" sizes=\"(max-width: 745px) 100vw, 745px\" \/><\/a>\r\n\t\t\t\t\t\t\t<\/div>\r\n\t\t\t\t\t\t\t\t\t\t\t<\/div>\r\n\t\t\t\t\t\r\n\t\t\t\t\t<div class=\"news-content\">\r\n\t\t\t\t\t\t\t\t\t\t\t\t\t<div class=\"date-post\">\r\n\t\t\t\t\t\t\t\t<h2><span>30<\/span><\/h2>\r\n\t\t\t\t\t\t\t\t<p>Sep 25<\/p>\r\n\t\t\t\t\t\t\t<\/div>\r\n\t\t\t\t\t\t\r\n\t\t\t\t\t\t<div class=\"post-content-text\">\r\n\t\t\t\t\t\t\t<h3 class=\"news-title\"><a href=\"https:\/\/simply4emotions.eu\/?news=conferenza-isaga-2025&#038;lang=it\" rel=\"bookmark\">Conferenza ISAGA 2025<\/a><\/h3>\t\t\t\t\t\t\t\t<div class=\"news-content-excerpt\">\r\n\t\t\t\t\t\t\t\t\t\t\t\t\t\t\t\t\t\t\t<div class=\"news-short-content\">\r\n\t\t\t\t\t\t\t\t\t\t\tAll'ISAGA 2025: The European Simulation and Gaming Forum (EUPF) di quest'anno, abbiamo avuto la grande opportunit\u00e0 di presentare il nostro...\t\t\t\t\t\t\t\t\t\t<\/div>\r\n\t\t\t\t\t\t\t\t\t\t<a href=\"https:\/\/simply4emotions.eu\/?news=conferenza-isaga-2025&#038;lang=it\" class=\"news-more-link\">Read More<\/a>\r\n\t\t\t\t\t\t\t\t\t\t\t\t\t\t\t\t\t<\/div><!-- .entry-content -->\r\n\t\t\t\t\t\t\t\t\t\t\t\t\t<\/div>\r\n\t\t\t\t\t<\/div>\r\n\t\t\t\t<\/div><!-- #post-## -->\r\n\t\t\t<\/div><!-- #post-## -->\r\n\t\t\r\n\t\t\t<div id=\"post-705\" class=\"news type-news wpnaw-blog-class has-date news-col-1\">\r\n\t\t\t\t<div class=\"news-inner-wrap-view news-clearfix \">\r\n\r\n\t\t\t\t\t\t\t\t\t\t<div class=\"news-thumb\">\r\n\t\t\t\t\t\t\t\t\t\t\t\t\t<div class=\"grid-news-thumb\">\r\n\t\t\t\t\t\t\t\t<a href=\"https:\/\/simply4emotions.eu\/?news=%CF%83%CF%85%CE%BD%CE%AD%CE%B4%CF%81%CE%B9%CE%BF-isaga-2025&#038;lang=el\"><img decoding=\"async\" width=\"745\" height=\"358\" src=\"https:\/\/simply4emotions.eu\/wp-content\/uploads\/2025\/09\/Simply4Emotions_ISAGA_players.png\" class=\"attachment-large size-large wp-post-image\" alt=\"Players around a board game\" srcset=\"https:\/\/simply4emotions.eu\/wp-content\/uploads\/2025\/09\/Simply4Emotions_ISAGA_players.png 745w, https:\/\/simply4emotions.eu\/wp-content\/uploads\/2025\/09\/Simply4Emotions_ISAGA_players-300x144.png 300w\" sizes=\"(max-width: 745px) 100vw, 745px\" \/><\/a>\r\n\t\t\t\t\t\t\t<\/div>\r\n\t\t\t\t\t\t\t\t\t\t\t<\/div>\r\n\t\t\t\t\t\r\n\t\t\t\t\t<div class=\"news-content\">\r\n\t\t\t\t\t\t\t\t\t\t\t\t\t<div class=\"date-post\">\r\n\t\t\t\t\t\t\t\t<h2><span>30<\/span><\/h2>\r\n\t\t\t\t\t\t\t\t<p>Sep 25<\/p>\r\n\t\t\t\t\t\t\t<\/div>\r\n\t\t\t\t\t\t\r\n\t\t\t\t\t\t<div class=\"post-content-text\">\r\n\t\t\t\t\t\t\t<h3 class=\"news-title\"><a href=\"https:\/\/simply4emotions.eu\/?news=%CF%83%CF%85%CE%BD%CE%AD%CE%B4%CF%81%CE%B9%CE%BF-isaga-2025&#038;lang=el\" rel=\"bookmark\">\u03a3\u03c5\u03bd\u03ad\u03b4\u03c1\u03b9\u03bf ISAGA 2025<\/a><\/h3>\t\t\t\t\t\t\t\t<div class=\"news-content-excerpt\">\r\n\t\t\t\t\t\t\t\t\t\t\t\t\t\t\t\t\t\t\t<div class=\"news-short-content\">\r\n\t\t\t\t\t\t\t\t\t\t\t\u03a3\u03c4\u03bf \u03c6\u03b5\u03c4\u03b9\u03bd\u03cc ISAGA 2025: The European Simulation and Gaming Forum (EUPF) \u03b5\u03af\u03c7\u03b1\u03bc\u03b5 \u03c4\u03b7 \u03bc\u03b5\u03b3\u03ac\u03bb\u03b7 \u03c7\u03b1\u03c1\u03ac \u03bd\u03b1 \u03c0\u03b1\u03c1\u03bf\u03c5\u03c3\u03b9\u03ac\u03c3\u03bf\u03c5\u03bc\u03b5 \u03c4\u03bf \u03ad\u03c1\u03b3\u03bf \u03bc\u03b1\u03c2,...\t\t\t\t\t\t\t\t\t\t<\/div>\r\n\t\t\t\t\t\t\t\t\t\t<a href=\"https:\/\/simply4emotions.eu\/?news=%CF%83%CF%85%CE%BD%CE%AD%CE%B4%CF%81%CE%B9%CE%BF-isaga-2025&#038;lang=el\" class=\"news-more-link\">Read More<\/a>\r\n\t\t\t\t\t\t\t\t\t\t\t\t\t\t\t\t\t<\/div><!-- .entry-content -->\r\n\t\t\t\t\t\t\t\t\t\t\t\t\t<\/div>\r\n\t\t\t\t\t<\/div>\r\n\t\t\t\t<\/div><!-- #post-## -->\r\n\t\t\t<\/div><!-- #post-## -->\r\n\t\t\r\n\t\t\t<div id=\"post-684\" class=\"news type-news wpnaw-blog-class has-date news-col-1 wpnaw-last\">\r\n\t\t\t\t<div class=\"news-inner-wrap-view news-clearfix \">\r\n\r\n\t\t\t\t\t\t\t\t\t\t<div class=\"news-thumb\">\r\n\t\t\t\t\t\t\t\t\t\t\t\t\t<div class=\"grid-news-thumb\">\r\n\t\t\t\t\t\t\t\t<a href=\"https:\/\/simply4emotions.eu\/?news=isaga-2025\"><img decoding=\"async\" width=\"745\" height=\"358\" src=\"https:\/\/simply4emotions.eu\/wp-content\/uploads\/2025\/09\/Simply4Emotions_ISAGA_players.png\" class=\"attachment-large size-large wp-post-image\" alt=\"Players around a board game\" srcset=\"https:\/\/simply4emotions.eu\/wp-content\/uploads\/2025\/09\/Simply4Emotions_ISAGA_players.png 745w, https:\/\/simply4emotions.eu\/wp-content\/uploads\/2025\/09\/Simply4Emotions_ISAGA_players-300x144.png 300w\" sizes=\"(max-width: 745px) 100vw, 745px\" \/><\/a>\r\n\t\t\t\t\t\t\t<\/div>\r\n\t\t\t\t\t\t\t\t\t\t\t<\/div>\r\n\t\t\t\t\t\r\n\t\t\t\t\t<div class=\"news-content\">\r\n\t\t\t\t\t\t\t\t\t\t\t\t\t<div class=\"date-post\">\r\n\t\t\t\t\t\t\t\t<h2><span>30<\/span><\/h2>\r\n\t\t\t\t\t\t\t\t<p>Sep 25<\/p>\r\n\t\t\t\t\t\t\t<\/div>\r\n\t\t\t\t\t\t\r\n\t\t\t\t\t\t<div class=\"post-content-text\">\r\n\t\t\t\t\t\t\t<h3 class=\"news-title\"><a href=\"https:\/\/simply4emotions.eu\/?news=isaga-2025\" rel=\"bookmark\">ISAGA 2025 Conference<\/a><\/h3>\t\t\t\t\t\t\t\t<div class=\"news-content-excerpt\">\r\n\t\t\t\t\t\t\t\t\t\t\t\t\t\t\t\t\t\t\t<div class=\"news-short-content\">\r\n\t\t\t\t\t\t\t\t\t\t\tAt this year\u2019s ISAGA 2025: The European Simulation and Gaming Forum (EUPF), we had the great opportunity to present our...\t\t\t\t\t\t\t\t\t\t<\/div>\r\n\t\t\t\t\t\t\t\t\t\t<a href=\"https:\/\/simply4emotions.eu\/?news=isaga-2025\" class=\"news-more-link\">Read More<\/a>\r\n\t\t\t\t\t\t\t\t\t\t\t\t\t\t\t\t\t<\/div><!-- .entry-content -->\r\n\t\t\t\t\t\t\t\t\t\t\t\t\t<\/div>\r\n\t\t\t\t\t<\/div>\r\n\t\t\t\t<\/div><!-- #post-## -->\r\n\t\t\t<\/div><!-- #post-## -->\r\n\t\t\t\t\t<div class=\"news_pagination wpnw-numeric\">\r\n\t\t\t\t<span aria-current=\"page\" class=\"page-numbers current\">1<\/span>\n<a class=\"page-numbers\" href=\"https:\/\/simply4emotions.eu\/index.php?rest_route=%2Fwp%2Fv2%2Fpages%2F266&#038;paged=2#wpnw-news-1\">2<\/a>\n<a class=\"page-numbers\" href=\"https:\/\/simply4emotions.eu\/index.php?rest_route=%2Fwp%2Fv2%2Fpages%2F266&#038;paged=3#wpnw-news-1\">3<\/a>\n<a class=\"next page-numbers\" href=\"https:\/\/simply4emotions.eu\/index.php?rest_route=%2Fwp%2Fv2%2Fpages%2F266&#038;paged=2#wpnw-news-1\">Next &raquo;<\/a>\t\t\t<\/div>\r\n\t\t\t<\/div>\r\n\r\n\t<\/div>\n\t\t\t\t<\/div>\n\t\t\t\t<\/div>\n\t\t\t\t\t<\/div>\n\t\t\t\t<\/div>\n\t\t\t\t<\/div>\n\t\t","protected":false},"excerpt":{"rendered":"","protected":false},"author":1,"featured_media":0,"parent":0,"menu_order":0,"comment_status":"closed","ping_status":"closed","template":"page-templates\/template-pagebuilder-full-width.php","meta":{"neve_meta_sidebar":"","neve_meta_container":"","neve_meta_enable_content_width":"","neve_meta_content_width":0,"neve_meta_title_alignment":"","neve_meta_author_avatar":"","neve_post_elements_order":"","neve_meta_disable_header":"","neve_meta_disable_footer":"","neve_meta_disable_title":"","footnotes":""},"_links":{"self":[{"href":"https:\/\/simply4emotions.eu\/index.php?rest_route=\/wp\/v2\/pages\/266"}],"collection":[{"href":"https:\/\/simply4emotions.eu\/index.php?rest_route=\/wp\/v2\/pages"}],"about":[{"href":"https:\/\/simply4emotions.eu\/index.php?rest_route=\/wp\/v2\/types\/page"}],"author":[{"embeddable":true,"href":"https:\/\/simply4emotions.eu\/index.php?rest_route=\/wp\/v2\/users\/1"}],"replies":[{"embeddable":true,"href":"https:\/\/simply4emotions.eu\/index.php?rest_route=%2Fwp%2Fv2%2Fcomments&post=266"}],"version-history":[{"count":1,"href":"https:\/\/simply4emotions.eu\/index.php?rest_route=\/wp\/v2\/pages\/266\/revisions"}],"predecessor-version":[{"id":267,"href":"https:\/\/simply4emotions.eu\/index.php?rest_route=\/wp\/v2\/pages\/266\/revisions\/267"}],"wp:attachment":[{"href":"https:\/\/simply4emotions.eu\/index.php?rest_route=%2Fwp%2Fv2%2Fmedia&parent=266"}],"curies":[{"name":"wp","href":"https:\/\/api.w.org\/{rel}","templated":true}]}}