{"id":287,"date":"2024-02-16T08:09:43","date_gmt":"2024-02-16T08:09:43","guid":{"rendered":"https:\/\/simply4emotions.eu\/?page_id=287"},"modified":"2024-04-19T11:33:29","modified_gmt":"2024-04-19T11:33:29","slug":"uber","status":"publish","type":"page","link":"https:\/\/simply4emotions.eu\/?page_id=287&lang=de","title":{"rendered":"\u00dcber"},"content":{"rendered":"\t\t<div data-elementor-type=\"wp-page\" data-elementor-id=\"287\" class=\"elementor elementor-287\">\n\t\t\t\t<div class=\"elementor-element elementor-element-b062de2 e-flex e-con-boxed e-con e-parent\" data-id=\"b062de2\" data-element_type=\"container\" data-settings=\"{&quot;content_width&quot;:&quot;boxed&quot;}\" data-core-v316-plus=\"true\">\n\t\t\t\t\t<div class=\"e-con-inner\">\n\t\t\t\t<div class=\"elementor-element elementor-element-9d93561 elementor-widget elementor-widget-image\" data-id=\"9d93561\" data-element_type=\"widget\" data-widget_type=\"image.default\">\n\t\t\t\t<div class=\"elementor-widget-container\">\n\t\t\t<style>\/*! elementor - v3.19.0 - 07-02-2024 *\/\n.elementor-widget-image{text-align:center}.elementor-widget-image a{display:inline-block}.elementor-widget-image a img[src$=\".svg\"]{width:48px}.elementor-widget-image img{vertical-align:middle;display:inline-block}<\/style>\t\t\t\t\t\t\t\t\t\t<img fetchpriority=\"high\" decoding=\"async\" width=\"930\" height=\"620\" src=\"https:\/\/simply4emotions.eu\/wp-content\/uploads\/2024\/04\/AdobeStock_666273056-930x620.jpeg\" class=\"attachment-neve-blog size-neve-blog wp-image-572\" alt=\"\" \/>\t\t\t\t\t\t\t\t\t\t\t\t\t<\/div>\n\t\t\t\t<\/div>\n\t\t\t\t\t<\/div>\n\t\t\t\t<\/div>\n\t\t<div class=\"elementor-element elementor-element-f6dc75a e-flex e-con-boxed e-con e-parent\" data-id=\"f6dc75a\" data-element_type=\"container\" data-settings=\"{&quot;content_width&quot;:&quot;boxed&quot;}\" data-core-v316-plus=\"true\">\n\t\t\t\t\t<div class=\"e-con-inner\">\n\t\t\t\t<div class=\"elementor-element elementor-element-5d35443 elementor-widget elementor-widget-text-editor\" data-id=\"5d35443\" data-element_type=\"widget\" data-widget_type=\"text-editor.default\">\n\t\t\t\t<div class=\"elementor-widget-container\">\n\t\t\t<style>\/*! elementor - v3.19.0 - 07-02-2024 *\/\n.elementor-widget-text-editor.elementor-drop-cap-view-stacked .elementor-drop-cap{background-color:#69727d;color:#fff}.elementor-widget-text-editor.elementor-drop-cap-view-framed .elementor-drop-cap{color:#69727d;border:3px solid;background-color:transparent}.elementor-widget-text-editor:not(.elementor-drop-cap-view-default) .elementor-drop-cap{margin-top:8px}.elementor-widget-text-editor:not(.elementor-drop-cap-view-default) .elementor-drop-cap-letter{width:1em;height:1em}.elementor-widget-text-editor .elementor-drop-cap{float:left;text-align:center;line-height:1;font-size:50px}.elementor-widget-text-editor .elementor-drop-cap-letter{display:inline-block}<\/style>\t\t\t\t<p>Willkommen beim Erasmus+ Projekt Simply4Emotions&#8221;! Dieses Projekt bietet eine bahnbrechende Initiative an der Schnittstelle von Bildung, Gesundheitswesen und emotionalem Wohlbefinden. Unser Projekt widmet sich der F\u00f6rderung innovativer Lern- und Unterrichtspraktiken, mit besonderem Schwerpunkt auf der Entwicklung eines digital-physischen Simulationsspiels, das auf emotionale Selbstregulierung ausgerichtet ist.<\/p>\t\t\t\t\t\t<\/div>\n\t\t\t\t<\/div>\n\t\t\t\t\t<\/div>\n\t\t\t\t<\/div>\n\t\t<div class=\"elementor-element elementor-element-d15da07 e-flex e-con-boxed e-con e-parent\" data-id=\"d15da07\" data-element_type=\"container\" data-settings=\"{&quot;content_width&quot;:&quot;boxed&quot;}\" data-core-v316-plus=\"true\">\n\t\t\t\t\t<div class=\"e-con-inner\">\n\t\t\t\t<div class=\"elementor-element elementor-element-75e99bc elementor-widget elementor-widget-heading\" data-id=\"75e99bc\" data-element_type=\"widget\" data-widget_type=\"heading.default\">\n\t\t\t\t<div class=\"elementor-widget-container\">\n\t\t\t<style>\/*! elementor - v3.19.0 - 07-02-2024 *\/\n.elementor-heading-title{padding:0;margin:0;line-height:1}.elementor-widget-heading .elementor-heading-title[class*=elementor-size-]>a{color:inherit;font-size:inherit;line-height:inherit}.elementor-widget-heading .elementor-heading-title.elementor-size-small{font-size:15px}.elementor-widget-heading .elementor-heading-title.elementor-size-medium{font-size:19px}.elementor-widget-heading .elementor-heading-title.elementor-size-large{font-size:29px}.elementor-widget-heading .elementor-heading-title.elementor-size-xl{font-size:39px}.elementor-widget-heading .elementor-heading-title.elementor-size-xxl{font-size:59px}<\/style><h2 class=\"elementor-heading-title elementor-size-default\">Auftrag<\/h2>\t\t<\/div>\n\t\t\t\t<\/div>\n\t\t\t\t\t<\/div>\n\t\t\t\t<\/div>\n\t\t<div class=\"elementor-element elementor-element-4242dae e-flex e-con-boxed e-con e-parent\" data-id=\"4242dae\" data-element_type=\"container\" data-settings=\"{&quot;content_width&quot;:&quot;boxed&quot;}\" data-core-v316-plus=\"true\">\n\t\t\t\t\t<div class=\"e-con-inner\">\n\t\t\t\t<div class=\"elementor-element elementor-element-2f110b0 elementor-widget elementor-widget-text-editor\" data-id=\"2f110b0\" data-element_type=\"widget\" data-widget_type=\"text-editor.default\">\n\t\t\t\t<div class=\"elementor-widget-container\">\n\t\t\t\t\t\t\t<p>Unser Ziel ist es, eine transformative Lernerfahrung f\u00fcr Gesundheitsexperten, P\u00e4dagogen und Einzelpersonen gleicherma\u00dfen zu schaffen. Indem wir die M\u00f6glichkeiten der Simulation nutzen, wollen wir eine sichere Umgebung schaffen, die nicht nur die Ausbildung f\u00f6rdert, sondern auch das Wohlbefinden der Fachkr\u00e4fte im Gesundheitswesen in den Vordergrund stellt.<\/p>\t\t\t\t\t\t<\/div>\n\t\t\t\t<\/div>\n\t\t\t\t\t<\/div>\n\t\t\t\t<\/div>\n\t\t<div class=\"elementor-element elementor-element-87b6938 e-flex e-con-boxed e-con e-parent\" data-id=\"87b6938\" data-element_type=\"container\" data-settings=\"{&quot;content_width&quot;:&quot;boxed&quot;}\" data-core-v316-plus=\"true\">\n\t\t\t\t\t<div class=\"e-con-inner\">\n\t\t\t\t<div class=\"elementor-element elementor-element-a6db6c9 elementor-widget elementor-widget-heading\" data-id=\"a6db6c9\" data-element_type=\"widget\" data-widget_type=\"heading.default\">\n\t\t\t\t<div class=\"elementor-widget-container\">\n\t\t\t<h2 class=\"elementor-heading-title elementor-size-default\"> Hauptziele\n<\/h2>\t\t<\/div>\n\t\t\t\t<\/div>\n\t\t\t\t\t<\/div>\n\t\t\t\t<\/div>\n\t\t<div class=\"elementor-element elementor-element-0009188 e-flex e-con-boxed e-con e-parent\" data-id=\"0009188\" data-element_type=\"container\" data-settings=\"{&quot;content_width&quot;:&quot;boxed&quot;}\" data-core-v316-plus=\"true\">\n\t\t\t\t\t<div class=\"e-con-inner\">\n\t\t\t\t<div class=\"elementor-element elementor-element-3c0b7a6 elementor-widget elementor-widget-text-editor\" data-id=\"3c0b7a6\" data-element_type=\"widget\" data-widget_type=\"text-editor.default\">\n\t\t\t\t<div class=\"elementor-widget-container\">\n\t\t\t\t\t\t\t<ul><li><p>Sichere Lernumgebung: Durch unser Simulationsspiel bieten wir einen risikofreien Raum f\u00fcr die Bew\u00e4ltigung emotional herausfordernder Szenarien und erleichtern so den Erwerb wichtiger F\u00e4higkeiten zur emotionalen Selbstregulierung.<\/p><\/li><li><p>Allgemeines Wohlbefinden: In Anerkennung der \u00fcberragenden Bedeutung des Wohlbefindens ist unser Projekt bestrebt, einen positiven Beitrag zur psychischen Gesundheit der Teilnehmer zu leisten.<\/p><\/li><li><p>Sicherheit im Gesundheitswesen: Angesichts des Fachkr\u00e4ftemangels und der hohen Ausstiegsquote aus dem Gesundheitsbereich wollen wir die emotionale Selbstregulierung verbessern und so zur Sicherheit der Gesundheitsversorgung in der Gesellschaft beitragen.&#8221;<\/p><\/li><\/ul>\t\t\t\t\t\t<\/div>\n\t\t\t\t<\/div>\n\t\t\t\t\t<\/div>\n\t\t\t\t<\/div>\n\t\t\t\t<\/div>\n\t\t","protected":false},"excerpt":{"rendered":"<p>Willkommen beim Erasmus+ Projekt Simply4Emotions&#8221;! Dieses Projekt bietet eine bahnbrechende Initiative an der Schnittstelle von Bildung, Gesundheitswesen und emotionalem Wohlbefinden. Unser Projekt widmet sich der F\u00f6rderung innovativer Lern- und Unterrichtspraktiken, mit besonderem Schwerpunkt auf der Entwicklung eines digital-physischen Simulationsspiels, das auf emotionale Selbstregulierung ausgerichtet ist. Auftrag Unser Ziel ist es, eine transformative Lernerfahrung f\u00fcr Gesundheitsexperten,&hellip;&nbsp;<a href=\"https:\/\/simply4emotions.eu\/?page_id=287&#038;lang=de\" class=\"\" rel=\"bookmark\">Read More &raquo;<span class=\"screen-reader-text\">\u00dcber<\/span><\/a><\/p>\n","protected":false},"author":1,"featured_media":0,"parent":0,"menu_order":0,"comment_status":"closed","ping_status":"closed","template":"page-templates\/template-pagebuilder-full-width.php","meta":{"neve_meta_sidebar":"","neve_meta_container":"","neve_meta_enable_content_width":"","neve_meta_content_width":0,"neve_meta_title_alignment":"","neve_meta_author_avatar":"","neve_post_elements_order":"","neve_meta_disable_header":"","neve_meta_disable_footer":"","neve_meta_disable_title":"","footnotes":""},"_links":{"self":[{"href":"https:\/\/simply4emotions.eu\/index.php?rest_route=\/wp\/v2\/pages\/287"}],"collection":[{"href":"https:\/\/simply4emotions.eu\/index.php?rest_route=\/wp\/v2\/pages"}],"about":[{"href":"https:\/\/simply4emotions.eu\/index.php?rest_route=\/wp\/v2\/types\/page"}],"author":[{"embeddable":true,"href":"https:\/\/simply4emotions.eu\/index.php?rest_route=\/wp\/v2\/users\/1"}],"replies":[{"embeddable":true,"href":"https:\/\/simply4emotions.eu\/index.php?rest_route=%2Fwp%2Fv2%2Fcomments&post=287"}],"version-history":[{"count":10,"href":"https:\/\/simply4emotions.eu\/index.php?rest_route=\/wp\/v2\/pages\/287\/revisions"}],"predecessor-version":[{"id":595,"href":"https:\/\/simply4emotions.eu\/index.php?rest_route=\/wp\/v2\/pages\/287\/revisions\/595"}],"wp:attachment":[{"href":"https:\/\/simply4emotions.eu\/index.php?rest_route=%2Fwp%2Fv2%2Fmedia&parent=287"}],"curies":[{"name":"wp","href":"https:\/\/api.w.org\/{rel}","templated":true}]}}